{"id":1332,"date":"2015-03-10T16:36:00","date_gmt":"2015-03-10T15:36:00","guid":{"rendered":"https:\/\/bellaveder.it\/privacy\/"},"modified":"2024-02-20T17:37:33","modified_gmt":"2024-02-20T16:37:33","slug":"privacy","status":"publish","type":"page","link":"https:\/\/bellaveder.it\/de\/privacy\/","title":{"rendered":"Privacy"},"content":{"rendered":"<p>I Suoi dati sono trattati ai sensi e nel rispetto del\u00a0<strong>D. Lgs. 196\/2003<\/strong>\u00a0per gestire la Sua richiesta di informazioni e\/o prenotazione al fine di fornirLe le indicazioni a riguardo nonch\u00e9 per inviarLe promozioni e\/o altre informazioni riguardanti le nostre attivit\u00e0 o dei nostri partner del settore turistico\/alberghiero. I Suoi dati verranno trattati in forma scritta e\/o supporto magnetico\/elettronico e con l\u2019osservanza di ogni misura cautelativa della sicurezza e riservatezza prevista dalla normativa vigente.<\/p>\n<p>Titolare del trattamento \u00e8 l\u2019<strong>Azienda Agricola Bellaveder.<br \/>\n<\/strong>Ai sensi dell\u2019art. 7 del citato D. Lgs, in qualsiasi momento potr\u00e0 consultare, rettificare, aggiornare o cancellare i suoi dati scrivendo Azienda Agricola Bellaveder &#8211;\u00a0Loc. Maso Belvedere, 38010, Faedo (TN) Italia o inviando un\u2019e-mail a\u00a0<a href=\"mailto:info@bellaveder.it\">info@bellaveder.it<\/a>.<\/p>\n<p>Per gestire i cookie e le tecnologie simili utilizzate (pixel di tracciamento, web beacon, ecc.) e i relativi consensi, utilizziamo lo strumento di consenso <strong>&#8220;Real Cookie Banner&#8221;<\/strong>. I dettagli sul funzionamento di &#8220;Real Cookie Banner&#8221; sono disponibili all&#8217;indirizzo <a href=\"https:\/\/devowl.io\/rcb\/data-processing\/\" target=\"_blank\" rel=\"noopener noreferrer\">https:\/\/devowl.io\/rcb\/data-processing\/<\/a>.<\/p>\n<p>Le basi giuridiche per il trattamento dei dati personali in questo contesto sono l&#8217;Art. 6 (1) lit. c GDPR e Art. 6 (1) lit. f GDPR. Il nostro interesse legittimo \u00e8 la gestione dei cookie e delle tecnologie simili utilizzate e i relativi consensi.<\/p>\n<p>La fornitura di dati personali non \u00e8 richiesta contrattualmente n\u00e9 necessaria per la conclusione di un contratto. Lei non \u00e8 obbligato a fornire i dati personali. Se non fornisce i dati personali, non saremo in grado di gestire i suoi consensi.<\/p>\n<div class=\"contains-cookie-policy-disclosure\">\n<h3>INFORMATIVA ESTESA SUI COOKIE<\/h3>\n<p>I cookies sono piccoli file di testo che vengono automaticamente posizionati sul PC del navigatore all\u2019interno del browser. Essi contengono informazioni di base sulla navigazione in Internet e grazie al browser vengono riconosciuti ogni volta che l\u2019utente visita il sito.<\/p>\n<p>Questo sito utilizza cookie, anche di terze parti, al solo scopo di rendere possibili o di migliorare le funzionalit\u00e0 offerte e la navigazione da parte dell\u2019utente. Questo sito non utilizza in alcun caso i cookie per la raccolta, il trattamento, la diffusione o la registrazione dei dati personali. In qualunque momento \u00e8 possibile disabilitare i cookies presenti sul browser; ti ricordiamo che quest\u2019opzione potrebbe limitare molte delle funzionalit\u00e0 di navigazione del sito.<\/p>\n<h3>ISTRUZIONI PER LA DISABILITAZIONE COOKIES DAI BROWSERS<\/h3>\n<ul>\n<li><a href=\"http:\/\/windows.microsoft.com\/it-IT\/internet-explorer\/delete-manage-cookies#ie=ie-11\" target=\"_blank\" rel=\"noopener\">Internet Explorer<\/a><\/li>\n<li><a href=\"https:\/\/support.mozilla.org\/it\/kb\/Gestione%20dei%20cookie?redirectlocale=en-US&amp;redirectslug=Cookies\" target=\"_blank\" rel=\"noopener\">Firefox<\/a><\/li>\n<li><a href=\"https:\/\/support.google.com\/chrome\/answer\/95647?hl=it\" target=\"_blank\" rel=\"noopener\">Google Chrome<\/a><\/li>\n<li><a href=\"http:\/\/www.opera.com\/help\/tutorials\/security\/cookies\/\" target=\"_blank\" rel=\"noopener\">Opera<\/a><\/li>\n<li><a href=\"https:\/\/support.apple.com\/kb\/PH19214?viewlocale=it_IT&amp;locale=it_IT\" target=\"_blank\" rel=\"noopener\">Safari<\/a><\/li>\n<li><a href=\"http:\/\/support.apple.com\/kb\/HT1677\" target=\"_blank\" rel=\"noopener\">Safari iOS<\/a><\/li>\n<li><a href=\"https:\/\/support.google.com\/xoom\/answer\/169022?hl=it&amp;rd=1\" target=\"_blank\" rel=\"noopener\">Android<\/a><\/li>\n<li><a href=\"http:\/\/docs.blackberry.com\/en\/smartphone_users\/deliverables\/32004\/Turn_off_cookies_in_the_browser_60_1072866_11.jsp\" target=\"_blank\" rel=\"noopener\">Blackberry<\/a><\/li>\n<li><a href=\"http:\/\/www.windowsphone.com\/it-IT\/how-to\/wp7\/web\/changing-privacy-and-other-browser-settings\" target=\"_blank\" rel=\"noopener\">Windows Phone<\/a><\/li>\n<\/ul>\n<h3>COOKIE UTILIZZATI IN QUESTO SITO<\/h3>\n<p>Azienda Agricola Bellaveder &#8211; con sede in Loc. Maso Belvedere, 38010, Faedo (TN), informa in ottemperanza alle prescrizioni del Provvedimento 229\/2014 del Garante per la Protezione dei Dati Personali, che il presente sito utilizza le seguenti tipologie di cookie:<\/p>\n<h4>Cookie tecnici<\/h4>\n<p>Quei cookie strettamente necessari per permettere:<\/p>\n<p>la navigazione e fruizione del sito web;<\/p>\n<p>la raccolta di informazioni, in forma aggregata, sul numero degli utenti e su come questi visitano il sito stesso (\u201ccookie analytics\u201d);<\/p>\n<p>la navigazione in funzione di una serie di criteri selezionati (ad esempio, la lingua, \u201ccookie di funzionalit\u00c3 \u201c) al fine di migliorare il servizio reso allo stesso.<\/p>\n<p>Tali cookie non vengono utilizzati per scopi ulteriori rispetto a quelli funzionali sopra descritti e pertanto la loro installazione non richiede il tuo consenso.<\/p>\n<h4>Cookie di profilazione di terze parti<\/h4>\n<p>Tali cookie sono installati da soggetti diversi da\u00a0<span class=\"contains-cookie-policy-owner\">Hotel Salvadori<\/span>\u00a0e l\u2019installazione degli stessi richiede il tuo consenso in mancanza del quale gli stessi non saranno installati.<\/p>\n<p>Ti riportiamo quindi di seguito i link alle informative privacy delle terze parti dove potrai esprimere il tuo consenso all\u2019installazione di tali cookie evidenziando che, laddove non effettuassi alcuna scelta e decidessi di proseguire comunque con la navigazione all\u2019interno del presente sito web, acconsentirai all\u2019uso di tali cookie.<\/p>\n<ul class=\"contains-cookie-policy-services\">\n<li>\n<h5>Google Analytics<\/h5>\n<p>Raccolta di informazioni, in forma aggregata, sul numero degli utenti e su come questi visitano il sito stesso<br \/>\n<a href=\"http:\/\/www.google.com\/intl\/it_ALL\/analytics\/learn\/privacy.html\" target=\"_blank\" rel=\"noopener\">http:\/\/www.google.com\/intl\/it_ALL\/analytics\/learn\/privacy.html<\/a><\/li>\n<li>\n<h5>Google Fonts<\/h5>\n<p>Archivio online di applicazioni per l\u2019integrazione di font gratuiti per interfacce web.<br \/>\n<a href=\"http:\/\/www.google.com\/policies\/privacy\/\" target=\"_blank\" rel=\"noopener\">http:\/\/www.google.com\/policies\/privacy\/<\/a><\/li>\n<li>\n<h5>Google Maps<\/h5>\n<p>Piattaforma di mappe online.<br \/>\n<a href=\"http:\/\/www.google.com\/policies\/privacy\/\" target=\"_blank\" rel=\"noopener\">http:\/\/www.google.com\/policies\/privacy\/<\/a><\/li>\n<\/ul>\n<p><strong><a  href=\"#consent-change\" role=\"button\" id=\"rcb-sc-link-change\" data-success-message=\"\" class=\"rcb-sc-link rcb-sc-link-change \">Info e dettagli riguardo i cookie<\/a><\/strong><\/p>\n<h4>Preferenze sull\u2019utilizzo dei cookie<\/h4>\n<p>In qualsiasi momento puoi rivedere le impostazioni per questo sito.<\/p>\n<p><a  href=\"#consent-change\" role=\"button\" id=\"rcb-sc-link-change\" data-success-message=\"\" class=\"rcb-sc-link rcb-sc-link-change \">Cambia impostazioni cookie<\/a><br \/>\n<a  href=\"#consent-history\" role=\"button\" id=\"rcb-sc-link-history\" data-success-message=\"\" class=\"rcb-sc-link rcb-sc-link-history \">Cronologia impostazioni Privacy<\/a><br \/>\n<a  href=\"#consent-revoke\" role=\"button\" id=\"rcb-sc-link-revoke\" data-success-message=\"Hai revocato con successo il consenso. La pagina verr\u00e0 ricaricata ora.\" class=\"rcb-sc-link rcb-sc-link-revoke \">Revoca consenso<\/a><\/p>\n<hr \/>\n<h3>TITOLARE DEL TRATTAMENTO DEI DATI<\/h3>\n<p>Titolare del trattamento \u00e8\u00a0<span class=\"contains-cookie-policy-owner\">l\u2019<strong>Azienda Agricola Bellaveder<\/strong><\/span>\u00a0\u2013\u00a0Loc. Maso Belvedere, 38010, Faedo (TN) Italia.<\/p>\n<p>Dal momento che l\u2019installazione di Cookie e di altri sistemi di tracciamento operata da terze parti tramite i servizi utilizzati all\u2019interno di questa Applicazione non pu\u00f2 essere tecnicamente controllata dal Titolare, ogni riferimento specifico a Cookie e sistemi di tracciamento installati da terze parti \u00e8 da considerarsi indicativo. Per ottenere informazioni complete, consulta la privacy policy degli eventuali servizi terzi elencati in questo documento.<\/p>\n<p>Vista l\u2019oggettiva complessit\u00e0 legata all\u2019identificazione delle tecnologie basate sui Cookie ed alla loro integrazione molto stretta con il funzionamento del web, l\u2019Utente \u00e8 invitato a contattare il Titolare qualora volesse ricevere qualunque approfondimento relativo all\u2019utilizzo dei Cookie stessi e ad eventuali utilizzi degli stessi ad esempio ad opera di terzi effettuati tramite questo sito.<\/p>\n<\/div>\n","protected":false},"excerpt":{"rendered":"<p>I Suoi dati sono trattati ai sensi e nel rispetto del\u00a0D. Lgs. 196\/2003\u00a0per gestire la Sua richiesta di informazioni e\/o prenotazione al fine di fornirLe le indicazioni a riguardo nonch\u00e9 per inviarLe promozioni e\/o altre informazioni riguardanti le nostre attivit\u00e0 o dei nostri partner del settore turistico\/alberghiero. I Suoi dati verranno trattati in forma scritta [&hellip;]<\/p>\n","protected":false},"author":2,"featured_media":0,"parent":0,"menu_order":0,"comment_status":"open","ping_status":"open","template":"template-privacy.php","meta":{"footnotes":""},"class_list":["post-1332","page","type-page","status-publish","hentry"],"meta_box":{"gallery":[],"pict-terra-luce":[],"pict-arte-pensiero":[],"foto_trentodoc":[],"foto_classic":[],"foto_selection":[],"boxes":[],"review":"","titolo2":"","redirect_to":""},"_links":{"self":[{"href":"https:\/\/bellaveder.it\/de\/wp-json\/wp\/v2\/pages\/1332","targetHints":{"allow":["GET"]}}],"collection":[{"href":"https:\/\/bellaveder.it\/de\/wp-json\/wp\/v2\/pages"}],"about":[{"href":"https:\/\/bellaveder.it\/de\/wp-json\/wp\/v2\/types\/page"}],"author":[{"embeddable":true,"href":"https:\/\/bellaveder.it\/de\/wp-json\/wp\/v2\/users\/2"}],"replies":[{"embeddable":true,"href":"https:\/\/bellaveder.it\/de\/wp-json\/wp\/v2\/comments?post=1332"}],"version-history":[{"count":2,"href":"https:\/\/bellaveder.it\/de\/wp-json\/wp\/v2\/pages\/1332\/revisions"}],"predecessor-version":[{"id":1338,"href":"https:\/\/bellaveder.it\/de\/wp-json\/wp\/v2\/pages\/1332\/revisions\/1338"}],"wp:attachment":[{"href":"https:\/\/bellaveder.it\/de\/wp-json\/wp\/v2\/media?parent=1332"}],"curies":[{"name":"wp","href":"https:\/\/api.w.org\/{rel}","templated":true}]}}