{"id":980,"date":"2015-03-15T10:23:41","date_gmt":"2015-03-15T09:23:41","guid":{"rendered":"http:\/\/bellaveder.it\/terra-e-luce\/"},"modified":"2024-11-19T18:57:29","modified_gmt":"2024-11-19T17:57:29","slug":"terra-e-luce","status":"publish","type":"page","link":"https:\/\/bellaveder.it\/de\/terra-e-luce\/","title":{"rendered":"TERRA E LUCE"},"content":{"rendered":"","protected":false},"excerpt":{"rendered":"","protected":false},"author":2,"featured_media":982,"parent":0,"menu_order":0,"comment_status":"open","ping_status":"open","template":"template-box.php","meta":{"footnotes":""},"class_list":["post-980","page","type-page","status-publish","has-post-thumbnail","hentry"],"meta_box":{"gallery":[],"pict-terra-luce":[],"pict-arte-pensiero":[],"foto_trentodoc":[],"foto_classic":[],"foto_selection":[],"boxes":[{"box_title":"DIE HERKUNFT DES NAMENS","box_content":"<p class=\"p1\"><span class=\"s1\">Vom Maso Belvedere dominiert man das Etschtal: Vor dem Maso erstreckt sich die Rotaliana-Ebene und die Aussicht reicht vom Monte di Mezzacorona \u00fcber Paganella bis zum Monte Bondone, dem Berg von der Stadt Trient. Der Name Bellaveder findet man zum ersten Mal in einem Bischofserlass von 1767 . Daraus stammt unsere erste Etikette \u201eA burgo S.Michaelis ad Athesim Faedi ascendit per Mansum Bellaveder\u201c.<\/span><\/p>","box_foto":["327"]},{"box_title":"DIE GESCHICHTE","box_content":"<p class=\"p1\"><span class=\"s1\">In den 50er-Jahren kaufte Dr. Mario Seppi den Bauernhof und die ersten drei Hektar Weinberg. Da urspr\u00fcnglich die Fl\u00e4che bescheiden war \u2013sie wurde erst sp\u00e4ter auf die derzeitigen acht Hektar ausgedehnt- nannten die Einheimischen das Grundst\u00fcck \u201eMas Picol\u201c (den kleinen Bauernhof). Diesem Beinamen haben wir unseren Teroldego gewidmet, als Erinnerung von dort, wo alles begann.<\/span><\/p>\r\n<p class=\"p1\"><span class=\"s1\">In den ersten Jahren des 21.Jahrhunderts besch\u00e4ftigte sich Herr Tranquillo Lucchetta, der Schwiegersohn von Dr. Seppi, mit der Pflege des Weinbergs, und 2003 entschied er einen unterirdischen Keller neben dem Maso zu bauen.<\/span><\/p>\r\n<p class=\"p1\"><span class=\"s1\">Seit 2006 ist Luca Gasperinatti f\u00fcr die agronomische und \u00f6nologische Leitung des Unternehmens zust\u00e4ndig.<\/span><\/p>","box_foto":["323"]},{"box_title":"DAS GRUNDBESITZ","box_content":"<p class=\"p1\"><span class=\"s1\">Der Weinbaubetrieb Bellaveder besteht aus zwei Weing\u00fctern: Maso Belvedere und San Lorenz.<\/span><\/p>\r\n<p class=\"p1\"><span class=\"s1\">Die acht Hektare vom Maso Belvedere sind aus zwei verschiedenen Terroir-Arten gekennzeichnet: Der Boden vom flussabw\u00e4rts liegenden Bereich zeichnet sich durch ein kalkhaltiges Substrat mit einem guten Teil Dolomit und einen mitteltiefen, sandigen Boden aus; Der Boden des flussaufw\u00e4rts liegenden Gebiets besteht dagegen aus einem tiefen Boden aus Lehm und Mergel und einem Substrat aus Mergel-Konglomerat und r\u00f6tlichen Schluffsteinen.<\/span><\/p>\r\n<p class=\"p1\"><span class=\"s1\">Die wei\u00dfen Rebsorten, Chardonnay, Wei\u00dfburgunder, Sauvignon und Gew\u00fcrztraminer, werden an der traditionellen Trentiner Pergola angebaut, die im Sommer vor direkter Sonnenausstrahlung sch\u00fctzt und somit Frische zusichert. Die roten<span class=\"Apple-converted-space\">\u00a0 <\/span>Rebsorten, Blauburgunder, Teroldego und Lagrein werden nach der Guyot Methode bewirtschaftet, die eine gr\u00f6\u00dfere St\u00e4mmen-Anzahl pro Hektar und einen optimalen Reifsgrad gew\u00e4hrleistet.<\/span><\/p>\r\n<p class=\"p1\"><span class=\"s1\">Im Valle dei Laghi, zwischen dem Gardasee und Brenta-Dolomiten, auf 600m H\u00f6he in Hanglage, den Cavedine See \u00fcberblickend, liegt der Weinberg \u201eSan Lorenz\u201c, eine moderne Spaltieranlage. Die H\u00f6he sorgt f\u00fcr Frische, w\u00e4hrend der Boden dem M\u00fcller-Thurgau, dem Chardonnay und dem Pinot Noir einen mineralhaltigen Duft verleiht.<\/span><\/p>","box_foto":["155"]}],"review":"","titolo2":"","redirect_to":""},"_links":{"self":[{"href":"https:\/\/bellaveder.it\/de\/wp-json\/wp\/v2\/pages\/980","targetHints":{"allow":["GET"]}}],"collection":[{"href":"https:\/\/bellaveder.it\/de\/wp-json\/wp\/v2\/pages"}],"about":[{"href":"https:\/\/bellaveder.it\/de\/wp-json\/wp\/v2\/types\/page"}],"author":[{"embeddable":true,"href":"https:\/\/bellaveder.it\/de\/wp-json\/wp\/v2\/users\/2"}],"replies":[{"embeddable":true,"href":"https:\/\/bellaveder.it\/de\/wp-json\/wp\/v2\/comments?post=980"}],"version-history":[{"count":1,"href":"https:\/\/bellaveder.it\/de\/wp-json\/wp\/v2\/pages\/980\/revisions"}],"predecessor-version":[{"id":1584,"href":"https:\/\/bellaveder.it\/de\/wp-json\/wp\/v2\/pages\/980\/revisions\/1584"}],"wp:featuredmedia":[{"embeddable":true,"href":"https:\/\/bellaveder.it\/de\/wp-json\/wp\/v2\/media\/982"}],"wp:attachment":[{"href":"https:\/\/bellaveder.it\/de\/wp-json\/wp\/v2\/media?parent=980"}],"curies":[{"name":"wp","href":"https:\/\/api.w.org\/{rel}","templated":true}]}}